{"id":8787,"date":"2022-09-06T11:49:32","date_gmt":"2022-09-06T11:49:32","guid":{"rendered":"https:\/\/goeroeg.com\/index.php\/cookie-policy\/"},"modified":"2026-04-08T09:56:14","modified_gmt":"2026-04-08T09:56:14","slug":"datenschutz","status":"publish","type":"page","link":"https:\/\/goeroeg.com\/index.php\/datenschutz\/","title":{"rendered":"Datenschutzerkl\u00e4rung"},"content":{"rendered":"\t\t<div data-elementor-type=\"wp-page\" data-elementor-id=\"8787\" class=\"elementor elementor-8787\" data-elementor-post-type=\"page\">\n\t\t\t\t<div class=\"elementor-element elementor-element-ce58485 e-flex e-con-boxed e-con e-parent\" data-id=\"ce58485\" data-element_type=\"container\" data-e-type=\"container\">\n\t\t\t\t\t<div class=\"e-con-inner\">\n\t\t\t\t<div class=\"elementor-element elementor-element-4e39789 elementor-widget elementor-widget-text-editor\" data-id=\"4e39789\" data-element_type=\"widget\" data-e-type=\"widget\" data-widget_type=\"text-editor.default\">\n\t\t\t\t\t\t\t\t\t<h1 data-section-id=\"3kggp7\" data-start=\"234\" data-end=\"276\">Datenschutzerkl\u00e4rung \u2013 G\u00f6r\u00f6g Athletes<\/h1><h2 data-section-id=\"1t4eacn\" data-start=\"278\" data-end=\"300\">1. Verantwortlicher<\/h2><p data-start=\"302\" data-end=\"376\"><strong data-start=\"302\" data-end=\"319\">Dominik G\u00f6r\u00f6g<\/strong><br data-start=\"319\" data-end=\"322\" \/>handelnd unter<br data-start=\"336\" data-end=\"339\" \/><strong data-start=\"339\" data-end=\"374\">Share THE LOVE (G\u00f6r\u00f6g Athletes)<\/strong><\/p><p data-start=\"378\" data-end=\"413\">Am Alten Tor 3<br data-start=\"392\" data-end=\"395\" \/>38239 Salzgitter<\/p><p data-start=\"415\" data-end=\"478\">E-Mail: dominik@goeroeg.com<br data-start=\"445\" data-end=\"448\" \/>Telefon: +49 (0) 162 6337287<\/p><h2 data-section-id=\"6cqzoy\" data-start=\"485\" data-end=\"510\">2. Allgemeine Hinweise<\/h2><p data-start=\"512\" data-end=\"675\">Der Schutz Ihrer pers\u00f6nlichen Daten ist uns wichtig.<br data-start=\"564\" data-end=\"567\" \/>Wir verarbeiten personenbezogene Daten ausschlie\u00dflich im Rahmen der gesetzlichen Vorschriften (DSGVO, BDSG).<\/p><p data-start=\"677\" data-end=\"770\">Personenbezogene Daten sind alle Daten, mit denen Sie pers\u00f6nlich identifiziert werden k\u00f6nnen.<\/p><h2 data-section-id=\"axdfl\" data-start=\"777\" data-end=\"798\">3. Server-Logfiles<\/h2><p data-start=\"800\" data-end=\"871\">Beim Besuch dieser Website werden automatisch technische Daten erhoben:<\/p><ul data-start=\"873\" data-end=\"972\"><li data-section-id=\"1h0uk97\" data-start=\"873\" data-end=\"887\">IP-Adresse<\/li><li data-section-id=\"wzs3a0\" data-start=\"888\" data-end=\"921\">Datum und Uhrzeit der Anfrage<\/li><li data-section-id=\"4rxf3t\" data-start=\"922\" data-end=\"936\">Browsertyp<\/li><li data-section-id=\"kiy1ht\" data-start=\"937\" data-end=\"955\">Betriebssystem<\/li><li data-section-id=\"4st6i5\" data-start=\"956\" data-end=\"972\">Referrer-URL<\/li><\/ul><p data-start=\"974\" data-end=\"1066\">Diese Daten dienen ausschlie\u00dflich der technischen Bereitstellung und Sicherheit der Website.<\/p><p data-start=\"1068\" data-end=\"1115\"><strong data-start=\"1068\" data-end=\"1088\">Rechtsgrundlage:<\/strong> Art. 6 Abs. 1 lit. f DSGVO<\/p><h2 data-section-id=\"10grd37\" data-start=\"1122\" data-end=\"1143\">4. Kontaktformular<\/h2><p data-start=\"1145\" data-end=\"1231\">Wenn Sie uns \u00fcber das Kontaktformular kontaktieren, werden folgende Daten verarbeitet:<\/p><ul data-start=\"1233\" data-end=\"1303\"><li data-section-id=\"1t2yru7\" data-start=\"1233\" data-end=\"1241\">Name<\/li><li data-section-id=\"1iykec3\" data-start=\"1242\" data-end=\"1260\">E-Mail-Adresse<\/li><li data-section-id=\"np1bo\" data-start=\"1261\" data-end=\"1289\">Telefonnummer (optional)<\/li><li data-section-id=\"i5wv54\" data-start=\"1290\" data-end=\"1303\">Nachricht<\/li><\/ul><p data-start=\"1305\" data-end=\"1364\">Diese Daten werden zur Bearbeitung Ihrer Anfrage verwendet.<\/p><p data-start=\"1366\" data-end=\"1413\"><strong data-start=\"1366\" data-end=\"1386\">Rechtsgrundlage:<\/strong> Art. 6 Abs. 1 lit. b DSGVO<\/p><h2 data-section-id=\"woftrw\" data-start=\"1420\" data-end=\"1456\">5. Einsatz von kreativ.management<\/h2><p data-start=\"1458\" data-end=\"1530\">Zur Organisation von Anfragen, Shootings und Kundenprojekten nutzen wir:<\/p><p data-start=\"1532\" data-end=\"1583\"><strong data-start=\"1532\" data-end=\"1554\">kreativ.management<\/strong><br data-start=\"1554\" data-end=\"1557\" \/>(Hochzeit.Management GmbH)<\/p><ul data-start=\"1585\" data-end=\"1730\"><li data-section-id=\"135gxe0\" data-start=\"1585\" data-end=\"1645\">Auftragsverarbeitungsvertrag gem\u00e4\u00df Art. 28 DSGVO besteht<\/li><li data-section-id=\"fmsnwd\" data-start=\"1646\" data-end=\"1692\">Datenverarbeitung erfolgt innerhalb der EU<\/li><li data-section-id=\"1otr5wx\" data-start=\"1693\" data-end=\"1730\">Serverstandort: Linz (\u00d6sterreich)<\/li><\/ul><p data-start=\"1732\" data-end=\"1751\">Verarbeitete Daten:<\/p><ul data-start=\"1753\" data-end=\"1854\"><li data-section-id=\"1tpdi0k\" data-start=\"1753\" data-end=\"1767\">Stammdaten<\/li><li data-section-id=\"4jxxx6\" data-start=\"1768\" data-end=\"1800\">Angebots- und Rechnungsdaten<\/li><li data-section-id=\"ls5luf\" data-start=\"1801\" data-end=\"1830\">Termin- und Kalenderdaten<\/li><li data-section-id=\"t5u0n5\" data-start=\"1831\" data-end=\"1854\">Kommunikationsdaten<\/li><\/ul><h2 data-section-id=\"aan0ux\" data-start=\"1861\" data-end=\"1891\">6. Fotografische Leistungen<\/h2><p data-start=\"1893\" data-end=\"1974\">Diese Datenschutzerkl\u00e4rung gilt f\u00fcr alle fotografischen Leistungen, insbesondere:<\/p><ul data-start=\"1976\" data-end=\"2133\"><li data-section-id=\"3gbqmm\" data-start=\"1976\" data-end=\"1995\">Sportfotografie<\/li><li data-section-id=\"akm5ff\" data-start=\"2029\" data-end=\"2060\">Team- und Vereinsfotografie<\/li><li data-section-id=\"1ivzuiy\" data-start=\"2061\" data-end=\"2097\">Portrait- und Athletenfotografie<\/li><li data-section-id=\"1xtj0mx\" data-start=\"2098\" data-end=\"2133\">Content- und Branding-Shootings<\/li><\/ul><p data-start=\"2135\" data-end=\"2178\">Im Rahmen der T\u00e4tigkeit werden verarbeitet:<\/p><ul data-start=\"2180\" data-end=\"2299\"><li data-section-id=\"5qgxf6\" data-start=\"2180\" data-end=\"2201\">Vor- und Nachname<\/li><li data-section-id=\"1n69q6q\" data-start=\"2202\" data-end=\"2218\">Kontaktdaten<\/li><li data-section-id=\"nesm35\" data-start=\"2219\" data-end=\"2232\">Bilddaten<\/li><li data-section-id=\"1j64pb\" data-start=\"2233\" data-end=\"2265\">Vertrags- und Rechnungsdaten<\/li><li data-section-id=\"1vhkzfp\" data-start=\"2266\" data-end=\"2299\">ggf. Daten von Minderj\u00e4hrigen<\/li><\/ul><p data-start=\"2301\" data-end=\"2321\"><strong data-start=\"2301\" data-end=\"2321\">Rechtsgrundlage:<\/strong><\/p><ul data-start=\"2323\" data-end=\"2440\"><li data-section-id=\"r5gsto\" data-start=\"2323\" data-end=\"2363\">Art. 6 Abs. 1 lit. b DSGVO (Vertrag)<\/li><li data-section-id=\"mn5hvh\" data-start=\"2364\" data-end=\"2440\">Art. 6 Abs. 1 lit. a DSGVO (Einwilligung, insbesondere bei Minderj\u00e4hrigen)<\/li><\/ul><h2 data-section-id=\"zopypt\" data-start=\"2447\" data-end=\"2468\">7. Online-Galerien<\/h2><p data-start=\"2470\" data-end=\"2512\">Zur Bereitstellung von Bildern nutzen wir:<\/p><p data-start=\"2514\" data-end=\"2599\"><strong data-start=\"2514\" data-end=\"2555\">Scrappbook (Photostore24.online GmbH)<\/strong><br data-start=\"2555\" data-end=\"2558\" \/>Erkrather Stra\u00dfe 401<br data-start=\"2578\" data-end=\"2581\" \/>40231 D\u00fcsseldorf<\/p><ul data-start=\"2601\" data-end=\"2706\"><li data-section-id=\"1o30e7x\" data-start=\"2601\" data-end=\"2633\">Speicherung innerhalb der EU<\/li><li data-section-id=\"arjy5k\" data-start=\"2634\" data-end=\"2663\">Zugriff passwortgesch\u00fctzt<\/li><li data-section-id=\"upi4wc\" data-start=\"2664\" data-end=\"2706\">Auftragsverarbeitungsvertrag vorhanden<\/li><\/ul><h2 data-section-id=\"1vrlg07\" data-start=\"2713\" data-end=\"2731\">8. Fotoprodukte<\/h2><p data-start=\"2733\" data-end=\"2794\">Bei Bestellung von Fotoprodukten werden Daten \u00fcbermittelt an:<\/p><p data-start=\"2796\" data-end=\"2870\"><strong data-start=\"2796\" data-end=\"2829\">Saal Digital Fotoservice GmbH<\/strong><br data-start=\"2829\" data-end=\"2832\" \/>Zeppelinstra\u00dfe 36<br data-start=\"2849\" data-end=\"2852\" \/>91187 R\u00f6ttenbach<\/p><p data-start=\"2872\" data-end=\"2934\">Die \u00dcbermittlung erfolgt ausschlie\u00dflich zur Vertragserf\u00fcllung.<\/p><p data-start=\"2936\" data-end=\"2985\"><strong data-start=\"2936\" data-end=\"2956\">Rechtsgrundlage:<\/strong> Art. 6 Abs. 1 lit. b DSGVO<\/p><h2 data-section-id=\"habnyg\" data-start=\"2992\" data-end=\"3025\">9. Verwendung von Bildmaterial<\/h2><p data-start=\"3027\" data-end=\"3167\">Eine Ver\u00f6ffentlichung von Bildern (z. B. Website, Social Media, Werbung) erfolgt ausschlie\u00dflich auf Grundlage einer vorherigen Einwilligung.<\/p><p data-start=\"3169\" data-end=\"3218\"><strong data-start=\"3169\" data-end=\"3189\">Rechtsgrundlage:<\/strong> Art. 6 Abs. 1 lit. a DSGVO<\/p><p data-start=\"3220\" data-end=\"3325\">Die Einwilligung kann jederzeit widerrufen werden.<br data-start=\"3270\" data-end=\"3273\" \/>Der Widerruf gilt nur f\u00fcr zuk\u00fcnftige Verarbeitungen.<\/p><p data-start=\"3327\" data-end=\"3444\">Bereits ver\u00f6ffentlichte Inhalte k\u00f6nnen weiterhin sichtbar bleiben (z. B. in Druckprodukten oder laufenden Kampagnen).<\/p><p data-start=\"3446\" data-end=\"3554\">Bei Ver\u00f6ffentlichungen auf Social Media kann eine Verarbeitung au\u00dferhalb der EU nicht ausgeschlossen werden.<\/p><h2 data-section-id=\"jh91j2\" data-start=\"3561\" data-end=\"3581\">10. Speicherdauer<\/h2><ul data-start=\"3583\" data-end=\"3719\"><li data-section-id=\"1ueymbu\" data-start=\"3583\" data-end=\"3647\">Nicht ausgew\u00e4hlte Bilder: L\u00f6schung nach sp\u00e4testens 6 Monaten<\/li><li data-section-id=\"zmxe0b\" data-start=\"3648\" data-end=\"3719\">Vertrags- und Rechnungsdaten: bis zu 10 Jahre (gesetzliche Pflicht)<\/li><\/ul><h2 data-section-id=\"1yt915c\" data-start=\"3726\" data-end=\"3744\">11. Ihre Rechte<\/h2><p data-start=\"3746\" data-end=\"3770\">Sie haben das Recht auf:<\/p><ul data-start=\"3772\" data-end=\"4024\"><li data-section-id=\"16km294\" data-start=\"3772\" data-end=\"3800\">Auskunft (Art. 15 DSGVO)<\/li><li data-section-id=\"133tz7j\" data-start=\"3801\" data-end=\"3833\">Berichtigung (Art. 16 DSGVO)<\/li><li data-section-id=\"185ldrl\" data-start=\"3834\" data-end=\"3862\">L\u00f6schung (Art. 17 DSGVO)<\/li><li data-section-id=\"1irgdbm\" data-start=\"3863\" data-end=\"3913\">Einschr\u00e4nkung der Verarbeitung (Art. 18 DSGVO)<\/li><li data-section-id=\"1rxfph6\" data-start=\"3914\" data-end=\"3954\">Daten\u00fcbertragbarkeit (Art. 20 DSGVO)<\/li><li data-section-id=\"1sjhmaw\" data-start=\"3955\" data-end=\"3986\">Widerspruch (Art. 21 DSGVO)<\/li><li data-section-id=\"1oba0w1\" data-start=\"3987\" data-end=\"4024\">Widerruf erteilter Einwilligungen<\/li><\/ul><h2 data-section-id=\"zquk1q\" data-start=\"4031\" data-end=\"4053\">12. Beschwerderecht<\/h2><p data-start=\"4055\" data-end=\"4134\">Sie haben das Recht, sich bei einer Datenschutz-Aufsichtsbeh\u00f6rde zu beschweren.<\/p><h2 data-section-id=\"1vlcmpn\" data-start=\"4141\" data-end=\"4173\">13. Widerspruch gegen Werbung<\/h2><p data-start=\"4175\" data-end=\"4314\">Der Nutzung der im Impressum ver\u00f6ffentlichten Kontaktdaten zur \u00dcbersendung von nicht ausdr\u00fccklich angeforderter Werbung wird widersprochen.<\/p>\t\t\t\t\t\t\t\t<\/div>\n\t\t\t\t\t<\/div>\n\t\t\t\t<\/div>\n\t\t\t\t<\/div>\n\t\t","protected":false},"excerpt":{"rendered":"<p>Datenschutzerkl\u00e4rung \u2013 G\u00f6r\u00f6g Athletes 1. Verantwortlicher Dominik G\u00f6r\u00f6ghandelnd unterShare THE LOVE (G\u00f6r\u00f6g Athletes) Am Alten Tor 338239 Salzgitter E-Mail: dominik@goeroeg.comTelefon: +49 (0) 162 6337287 2. Allgemeine Hinweise Der Schutz Ihrer pers\u00f6nlichen Daten ist uns wichtig.Wir verarbeiten personenbezogene Daten ausschlie\u00dflich im Rahmen der gesetzlichen Vorschriften (DSGVO, BDSG). Personenbezogene Daten sind alle Daten, mit denen Sie pers\u00f6nlich&hellip;<\/p>\n","protected":false},"author":1,"featured_media":0,"parent":0,"menu_order":75,"comment_status":"closed","ping_status":"closed","template":"","meta":{"footnotes":""},"class_list":["post-8787","page","type-page","status-publish","hentry"],"jetpack_sharing_enabled":true,"_links":{"self":[{"href":"https:\/\/goeroeg.com\/index.php\/wp-json\/wp\/v2\/pages\/8787","targetHints":{"allow":["GET"]}}],"collection":[{"href":"https:\/\/goeroeg.com\/index.php\/wp-json\/wp\/v2\/pages"}],"about":[{"href":"https:\/\/goeroeg.com\/index.php\/wp-json\/wp\/v2\/types\/page"}],"author":[{"embeddable":true,"href":"https:\/\/goeroeg.com\/index.php\/wp-json\/wp\/v2\/users\/1"}],"replies":[{"embeddable":true,"href":"https:\/\/goeroeg.com\/index.php\/wp-json\/wp\/v2\/comments?post=8787"}],"version-history":[{"count":4,"href":"https:\/\/goeroeg.com\/index.php\/wp-json\/wp\/v2\/pages\/8787\/revisions"}],"predecessor-version":[{"id":19763,"href":"https:\/\/goeroeg.com\/index.php\/wp-json\/wp\/v2\/pages\/8787\/revisions\/19763"}],"wp:attachment":[{"href":"https:\/\/goeroeg.com\/index.php\/wp-json\/wp\/v2\/media?parent=8787"}],"curies":[{"name":"wp","href":"https:\/\/api.w.org\/{rel}","templated":true}]}}